{"id":106,"date":"2024-08-01T21:19:04","date_gmt":"2024-08-01T19:19:04","guid":{"rendered":"https:\/\/cms.spiritnext.com\/?page_id=106"},"modified":"2024-09-11T13:51:17","modified_gmt":"2024-09-11T11:51:17","slug":"kavezok","status":"publish","type":"page","link":"https:\/\/cms.spiritnext.com\/en\/kavezok\/","title":{"rendered":"Caf\u00e9s"},"content":{"rendered":"<div data-elementor-type=\"wp-page\" data-elementor-id=\"106\" class=\"elementor elementor-106\" data-elementor-post-type=\"page\">\n\t\t\t\t<div class=\"elementor-element elementor-element-b8d7d4a e-flex e-con-boxed e-con e-parent\" data-id=\"b8d7d4a\" data-element_type=\"container\" data-settings=\"{&quot;background_background&quot;:&quot;classic&quot;,&quot;shape_divider_bottom&quot;:&quot;opacity-tilt&quot;}\">\n\t\t\t\t\t<div class=\"e-con-inner\">\n\t\t\t\t<div class=\"elementor-shape elementor-shape-bottom\" data-negative=\"false\">\n\t\t\t<svg xmlns=\"http:\/\/www.w3.org\/2000\/svg\" viewbox=\"0 0 2600 131.1\" preserveaspectratio=\"none\">\n\t<path class=\"elementor-shape-fill\" d=\"M0 0L2600 0 2600 69.1 0 0z\"\/>\n\t<path class=\"elementor-shape-fill\" style=\"opacity:0.5\" d=\"M0 0L2600 0 2600 69.1 0 69.1z\"\/>\n\t<path class=\"elementor-shape-fill\" style=\"opacity:0.25\" d=\"M2600 0L0 0 0 130.1 2600 69.1z\"\/>\n<\/svg>\t\t<\/div>\n\t\t\t\t<div class=\"elementor-element elementor-element-0c692c9 elementor-widget elementor-widget-heading\" data-id=\"0c692c9\" data-element_type=\"widget\" data-widget_type=\"heading.default\">\n\t\t\t\t<div class=\"elementor-widget-container\">\n\t\t\t<style>\/*! elementor - v3.23.0 - 25-07-2024 *\/\n.elementor-heading-title{padding:0;margin:0;line-height:1}.elementor-widget-heading .elementor-heading-title[class*=elementor-size-]>a{color:inherit;font-size:inherit;line-height:inherit}.elementor-widget-heading .elementor-heading-title.elementor-size-small{font-size:15px}.elementor-widget-heading .elementor-heading-title.elementor-size-medium{font-size:19px}.elementor-widget-heading .elementor-heading-title.elementor-size-large{font-size:29px}.elementor-widget-heading .elementor-heading-title.elementor-size-xl{font-size:39px}.elementor-widget-heading .elementor-heading-title.elementor-size-xxl{font-size:59px}<\/style><h2 class=\"elementor-heading-title elementor-size-default\">SpiritSun K\u00e1v\u00e9z\u00f3k\n<\/h2>\t\t<\/div>\n\t\t\t\t<\/div>\n\t\t\t\t<div class=\"elementor-element elementor-element-9c3c885 elementor-widget elementor-widget-text-editor\" data-id=\"9c3c885\" data-element_type=\"widget\" data-widget_type=\"text-editor.default\">\n\t\t\t\t<div class=\"elementor-widget-container\">\n\t\t\t<style>\/*! elementor - v3.23.0 - 25-07-2024 *\/\n.elementor-widget-text-editor.elementor-drop-cap-view-stacked .elementor-drop-cap{background-color:#69727d;color:#fff}.elementor-widget-text-editor.elementor-drop-cap-view-framed .elementor-drop-cap{color:#69727d;border:3px solid;background-color:transparent}.elementor-widget-text-editor:not(.elementor-drop-cap-view-default) .elementor-drop-cap{margin-top:8px}.elementor-widget-text-editor:not(.elementor-drop-cap-view-default) .elementor-drop-cap-letter{width:1em;height:1em}.elementor-widget-text-editor .elementor-drop-cap{float:left;text-align:center;line-height:1;font-size:50px}.elementor-widget-text-editor .elementor-drop-cap-letter{display:inline-block}<\/style>\t\t\t\t<p>\u00dajlip\u00f3ton \u00e9s Szentendr\u00e9n<\/p>\t\t\t\t\t\t<\/div>\n\t\t\t\t<\/div>\n\t\t\t\t\t<\/div>\n\t\t\t\t<\/div>\n\t\t<div class=\"elementor-element elementor-element-f2b3c4a e-flex e-con-boxed e-con e-parent\" data-id=\"f2b3c4a\" data-element_type=\"container\" data-settings=\"{&quot;background_background&quot;:&quot;classic&quot;}\">\n\t\t\t\t\t<div class=\"e-con-inner\">\n\t\t<div class=\"elementor-element elementor-element-c93d9a6 e-con-full e-flex e-con e-child\" data-id=\"c93d9a6\" data-element_type=\"container\">\n\t\t\t\t<div class=\"elementor-element elementor-element-a24dbb3 elementor-widget elementor-widget-heading\" data-id=\"a24dbb3\" data-element_type=\"widget\" data-widget_type=\"heading.default\">\n\t\t\t\t<div class=\"elementor-widget-container\">\n\t\t\t<h2 class=\"elementor-heading-title elementor-size-default\">Spirit Cafe \u00dajlip\u00f3t<\/h2>\t\t<\/div>\n\t\t\t\t<\/div>\n\t\t\t\t<div class=\"elementor-element elementor-element-67af241 elementor-widget elementor-widget-heading\" data-id=\"67af241\" data-element_type=\"widget\" data-widget_type=\"heading.default\">\n\t\t\t\t<div class=\"elementor-widget-container\">\n\t\t\t<h2 class=\"elementor-heading-title elementor-size-default\">XIII. ker\u00fclet, Heged\u0171s Gyula utca 39.\n<\/h2>\t\t<\/div>\n\t\t\t\t<\/div>\n\t\t<div class=\"elementor-element elementor-element-5aa0a13 e-con-full e-flex e-con e-child\" data-id=\"5aa0a13\" data-element_type=\"container\">\n\t\t\t\t<div class=\"elementor-element elementor-element-2acfce2 elementor-widget elementor-widget-heading\" data-id=\"2acfce2\" data-element_type=\"widget\" data-widget_type=\"heading.default\">\n\t\t\t\t<div class=\"elementor-widget-container\">\n\t\t\t<h2 class=\"elementor-heading-title elementor-size-default\">Nyitvatart\u00e1s<\/h2>\t\t<\/div>\n\t\t\t\t<\/div>\n\t\t\t\t<div class=\"elementor-element elementor-element-35ec6c8 elementor-widget__width-initial elementor-icon-list--layout-traditional elementor-list-item-link-full_width elementor-widget elementor-widget-icon-list\" data-id=\"35ec6c8\" data-element_type=\"widget\" data-widget_type=\"icon-list.default\">\n\t\t\t\t<div class=\"elementor-widget-container\">\n\t\t\t<link rel=\"stylesheet\" href=\"https:\/\/cms.spiritnext.com\/wp-content\/plugins\/elementor\/assets\/css\/widget-icon-list.min.css\">\t\t<ul class=\"elementor-icon-list-items\">\n\t\t\t\t\t\t\t<li class=\"elementor-icon-list-item\">\n\t\t\t\t\t\t\t\t\t\t\t<span class=\"elementor-icon-list-icon\">\n\t\t\t\t\t\t\t<i aria-hidden=\"true\" class=\"far fa-calendar-check\"><\/i>\t\t\t\t\t\t<\/span>\n\t\t\t\t\t\t\t\t\t\t<span class=\"elementor-icon-list-text\">H\u00e9tf\u0151-P\u00e9ntek<\/br>8:00-23:00<\/span>\n\t\t\t\t\t\t\t\t\t<\/li>\n\t\t\t\t\t\t\t\t<li class=\"elementor-icon-list-item\">\n\t\t\t\t\t\t\t\t\t\t\t<span class=\"elementor-icon-list-icon\">\n\t\t\t\t\t\t\t<i aria-hidden=\"true\" class=\"far fa-calendar-check\"><\/i>\t\t\t\t\t\t<\/span>\n\t\t\t\t\t\t\t\t\t\t<span class=\"elementor-icon-list-text\">Szombat-Vas\u00e1rnap<\/br>8:00-22:00<\/span>\n\t\t\t\t\t\t\t\t\t<\/li>\n\t\t\t\t\t\t<\/ul>\n\t\t\t\t<\/div>\n\t\t\t\t<\/div>\n\t\t\t\t<\/div>\n\t\t<div class=\"elementor-element elementor-element-518fc09 e-con-full e-flex e-con e-child\" data-id=\"518fc09\" data-element_type=\"container\">\n\t\t\t\t<div class=\"elementor-element elementor-element-0b337cd elementor-widget elementor-widget-button\" data-id=\"0b337cd\" data-element_type=\"widget\" data-widget_type=\"button.default\">\n\t\t\t\t<div class=\"elementor-widget-container\">\n\t\t\t\t\t<div class=\"elementor-button-wrapper\">\n\t\t\t<a class=\"elementor-button elementor-button-link elementor-size-sm\" href=\"https:\/\/cms.spiritnext.com\/en\/cafe-ujlipot\/\">\n\t\t\t\t\t\t<span class=\"elementor-button-content-wrapper\">\n\t\t\t\t\t\t\t\t\t<span class=\"elementor-button-text\">\u00c9tel \u00e9s Itallap<\/span>\n\t\t\t\t\t<\/span>\n\t\t\t\t\t<\/a>\n\t\t<\/div>\n\t\t\t\t<\/div>\n\t\t\t\t<\/div>\n\t\t\t\t<\/div>\n\t\t\t\t<\/div>\n\t\t<div class=\"elementor-element elementor-element-5351f61 e-con-full e-flex e-con e-child\" data-id=\"5351f61\" data-element_type=\"container\">\n\t\t\t\t<div class=\"elementor-element elementor-element-a25b67f elementor-widget elementor-widget-image\" data-id=\"a25b67f\" data-element_type=\"widget\" data-widget_type=\"image.default\">\n\t\t\t\t<div class=\"elementor-widget-container\">\n\t\t\t\t\t\t\t\t\t\t\t\t\t<img fetchpriority=\"high\" decoding=\"async\" width=\"1777\" height=\"1000\" src=\"https:\/\/cms.spiritnext.com\/wp-content\/uploads\/2024\/09\/angyalfold_front.webp\" class=\"attachment-full size-full wp-image-374\" alt=\"Angyalf\u00f6ldi Spiritsun Szol\u00e1riumst\u00fadi\u00f3\" srcset=\"https:\/\/cms.spiritnext.com\/wp-content\/uploads\/2024\/09\/angyalfold_front.webp 1777w, https:\/\/cms.spiritnext.com\/wp-content\/uploads\/2024\/09\/angyalfold_front-700x394.webp 700w, https:\/\/cms.spiritnext.com\/wp-content\/uploads\/2024\/09\/angyalfold_front-1024x576.webp 1024w, https:\/\/cms.spiritnext.com\/wp-content\/uploads\/2024\/09\/angyalfold_front-768x432.webp 768w, https:\/\/cms.spiritnext.com\/wp-content\/uploads\/2024\/09\/angyalfold_front-1536x864.webp 1536w, https:\/\/cms.spiritnext.com\/wp-content\/uploads\/2024\/09\/angyalfold_front-18x10.webp 18w\" sizes=\"(max-width: 1777px) 100vw, 1777px\" \/>\t\t\t\t\t\t\t\t\t\t\t\t\t<\/div>\n\t\t\t\t<\/div>\n\t\t\t\t<\/div>\n\t\t\t\t\t<\/div>\n\t\t\t\t<\/div>\n\t\t<div class=\"elementor-element elementor-element-81e9572 e-flex e-con-boxed e-con e-parent\" data-id=\"81e9572\" data-element_type=\"container\" data-settings=\"{&quot;background_background&quot;:&quot;classic&quot;}\">\n\t\t\t\t\t<div class=\"e-con-inner\">\n\t\t<div class=\"elementor-element elementor-element-0340033 e-con-full e-flex e-con e-child\" data-id=\"0340033\" data-element_type=\"container\">\n\t\t\t\t<div class=\"elementor-element elementor-element-e2ec08c elementor-widget elementor-widget-heading\" data-id=\"e2ec08c\" data-element_type=\"widget\" data-widget_type=\"heading.default\">\n\t\t\t\t<div class=\"elementor-widget-container\">\n\t\t\t<h2 class=\"elementor-heading-title elementor-size-default\">Spirit Cafe Szentendre<\/h2>\t\t<\/div>\n\t\t\t\t<\/div>\n\t\t\t\t<div class=\"elementor-element elementor-element-16a335e elementor-widget elementor-widget-heading\" data-id=\"16a335e\" data-element_type=\"widget\" data-widget_type=\"heading.default\">\n\t\t\t\t<div class=\"elementor-widget-container\">\n\t\t\t<h2 class=\"elementor-heading-title elementor-size-default\">Szentendre, Pann\u00f3nia utca 1.\n<\/h2>\t\t<\/div>\n\t\t\t\t<\/div>\n\t\t<div class=\"elementor-element elementor-element-044df1e e-con-full e-flex e-con e-child\" data-id=\"044df1e\" data-element_type=\"container\">\n\t\t\t\t<div class=\"elementor-element elementor-element-b237154 elementor-widget elementor-widget-heading\" data-id=\"b237154\" data-element_type=\"widget\" data-widget_type=\"heading.default\">\n\t\t\t\t<div class=\"elementor-widget-container\">\n\t\t\t<h2 class=\"elementor-heading-title elementor-size-default\">Nyitvatart\u00e1s<\/h2>\t\t<\/div>\n\t\t\t\t<\/div>\n\t\t\t\t<div class=\"elementor-element elementor-element-5c685fd elementor-widget__width-initial elementor-icon-list--layout-traditional elementor-list-item-link-full_width elementor-widget elementor-widget-icon-list\" data-id=\"5c685fd\" data-element_type=\"widget\" data-widget_type=\"icon-list.default\">\n\t\t\t\t<div class=\"elementor-widget-container\">\n\t\t\t\t\t<ul class=\"elementor-icon-list-items\">\n\t\t\t\t\t\t\t<li class=\"elementor-icon-list-item\">\n\t\t\t\t\t\t\t\t\t\t\t<span class=\"elementor-icon-list-icon\">\n\t\t\t\t\t\t\t<i aria-hidden=\"true\" class=\"far fa-calendar-check\"><\/i>\t\t\t\t\t\t<\/span>\n\t\t\t\t\t\t\t\t\t\t<span class=\"elementor-icon-list-text\">H\u00e9tf\u0151-P\u00e9ntek<\/br>8:00-23:00<\/span>\n\t\t\t\t\t\t\t\t\t<\/li>\n\t\t\t\t\t\t\t\t<li class=\"elementor-icon-list-item\">\n\t\t\t\t\t\t\t\t\t\t\t<span class=\"elementor-icon-list-icon\">\n\t\t\t\t\t\t\t<i aria-hidden=\"true\" class=\"far fa-calendar-check\"><\/i>\t\t\t\t\t\t<\/span>\n\t\t\t\t\t\t\t\t\t\t<span class=\"elementor-icon-list-text\">Szombat-Vas\u00e1rnap<\/br>8:00-22:00<\/span>\n\t\t\t\t\t\t\t\t\t<\/li>\n\t\t\t\t\t\t<\/ul>\n\t\t\t\t<\/div>\n\t\t\t\t<\/div>\n\t\t\t\t<\/div>\n\t\t<div class=\"elementor-element elementor-element-490c654 e-con-full e-flex e-con e-child\" data-id=\"490c654\" data-element_type=\"container\">\n\t\t\t\t<div class=\"elementor-element elementor-element-44164aa elementor-widget elementor-widget-button\" data-id=\"44164aa\" data-element_type=\"widget\" data-widget_type=\"button.default\">\n\t\t\t\t<div class=\"elementor-widget-container\">\n\t\t\t\t\t<div class=\"elementor-button-wrapper\">\n\t\t\t<a class=\"elementor-button elementor-button-link elementor-size-sm\" href=\"https:\/\/cms.spiritnext.com\/en\/cafe-szentendre\/\">\n\t\t\t\t\t\t<span class=\"elementor-button-content-wrapper\">\n\t\t\t\t\t\t\t\t\t<span class=\"elementor-button-text\">\u00c9tel \u00e9s Itallap<\/span>\n\t\t\t\t\t<\/span>\n\t\t\t\t\t<\/a>\n\t\t<\/div>\n\t\t\t\t<\/div>\n\t\t\t\t<\/div>\n\t\t\t\t<\/div>\n\t\t\t\t<\/div>\n\t\t<div class=\"elementor-element elementor-element-28b45e4 e-con-full e-flex e-con e-child\" data-id=\"28b45e4\" data-element_type=\"container\">\n\t\t\t\t<div class=\"elementor-element elementor-element-5046c87 elementor-widget elementor-widget-image\" data-id=\"5046c87\" data-element_type=\"widget\" data-widget_type=\"image.default\">\n\t\t\t\t<div class=\"elementor-widget-container\">\n\t\t\t\t\t\t\t\t\t\t\t\t\t<img decoding=\"async\" width=\"1325\" height=\"745\" src=\"https:\/\/cms.spiritnext.com\/wp-content\/uploads\/2024\/09\/corvin_front.webp\" class=\"attachment-full size-full wp-image-375\" alt=\"Corvin SpiritSun Szol\u00e1riumst\u00fadi\u00f3\" srcset=\"https:\/\/cms.spiritnext.com\/wp-content\/uploads\/2024\/09\/corvin_front.webp 1325w, https:\/\/cms.spiritnext.com\/wp-content\/uploads\/2024\/09\/corvin_front-700x394.webp 700w, https:\/\/cms.spiritnext.com\/wp-content\/uploads\/2024\/09\/corvin_front-1024x576.webp 1024w, https:\/\/cms.spiritnext.com\/wp-content\/uploads\/2024\/09\/corvin_front-768x432.webp 768w, https:\/\/cms.spiritnext.com\/wp-content\/uploads\/2024\/09\/corvin_front-18x10.webp 18w\" sizes=\"(max-width: 1325px) 100vw, 1325px\" \/>\t\t\t\t\t\t\t\t\t\t\t\t\t<\/div>\n\t\t\t\t<\/div>\n\t\t\t\t<\/div>\n\t\t\t\t\t<\/div>\n\t\t\t\t<\/div>\n\t\t<div class=\"elementor-element elementor-element-7aec552 e-flex e-con-boxed e-con e-parent\" data-id=\"7aec552\" data-element_type=\"container\">\n\t\t\t\t\t<div class=\"e-con-inner\">\n\t\t<div class=\"elementor-element elementor-element-9f40152 e-con-full e-flex e-con e-child\" data-id=\"9f40152\" data-element_type=\"container\">\n\t\t<div class=\"elementor-element elementor-element-e4b8140 e-con-full e-flex e-con e-child\" data-id=\"e4b8140\" data-element_type=\"container\" data-settings=\"{&quot;background_background&quot;:&quot;classic&quot;}\">\n\t\t\t\t<div class=\"elementor-element elementor-element-9ef49fc elementor-view-default elementor-widget elementor-widget-icon\" data-id=\"9ef49fc\" data-element_type=\"widget\" data-widget_type=\"icon.default\">\n\t\t\t\t<div class=\"elementor-widget-container\">\n\t\t\t\t\t<div class=\"elementor-icon-wrapper\">\n\t\t\t<div class=\"elementor-icon\">\n\t\t\t<i aria-hidden=\"true\" class=\"fas fa-coffee\"><\/i>\t\t\t<\/div>\n\t\t<\/div>\n\t\t\t\t<\/div>\n\t\t\t\t<\/div>\n\t\t\t\t<div class=\"elementor-element elementor-element-33d8d29 elementor-widget elementor-widget-heading\" data-id=\"33d8d29\" data-element_type=\"widget\" data-widget_type=\"heading.default\">\n\t\t\t\t<div class=\"elementor-widget-container\">\n\t\t\t<h2 class=\"elementor-heading-title elementor-size-default\">K\u00e1v\u00e9k, friss\u00edt\u0151k, szendvicsek<\/h2>\t\t<\/div>\n\t\t\t\t<\/div>\n\t\t\t\t<div class=\"elementor-element elementor-element-a746761 elementor-widget elementor-widget-text-editor\" data-id=\"a746761\" data-element_type=\"widget\" data-widget_type=\"text-editor.default\">\n\t\t\t\t<div class=\"elementor-widget-container\">\n\t\t\t\t\t\t\t<p>\u00dclj be hozz\u00e1nk szol\u00e1riumoz\u00e1s el\u0151tt vagy ut\u00e1n vagy csak mert kellemes k\u00f6rnyezetben t\u00f6lten\u00e9d az id\u0151d, ahol kedves a kiszolg\u00e1l\u00e1s, min\u0151s\u00e9gi \u00e9s friss a k\u00edn\u00e1lat!<\/p>\t\t\t\t\t\t<\/div>\n\t\t\t\t<\/div>\n\t\t\t\t<\/div>\n\t\t<div class=\"elementor-element elementor-element-68d191f e-con-full e-flex e-con e-child\" data-id=\"68d191f\" data-element_type=\"container\">\n\t\t\t\t<div class=\"elementor-element elementor-element-1e67efa elementor-view-default elementor-widget elementor-widget-icon\" data-id=\"1e67efa\" data-element_type=\"widget\" data-widget_type=\"icon.default\">\n\t\t\t\t<div class=\"elementor-widget-container\">\n\t\t\t\t\t<div class=\"elementor-icon-wrapper\">\n\t\t\t<div class=\"elementor-icon\">\n\t\t\t<i aria-hidden=\"true\" class=\"fas fa-hamburger\"><\/i>\t\t\t<\/div>\n\t\t<\/div>\n\t\t\t\t<\/div>\n\t\t\t\t<\/div>\n\t\t\t\t<div class=\"elementor-element elementor-element-b40ca98 elementor-widget elementor-widget-heading\" data-id=\"b40ca98\" data-element_type=\"widget\" data-widget_type=\"heading.default\">\n\t\t\t\t<div class=\"elementor-widget-container\">\n\t\t\t<h2 class=\"elementor-heading-title elementor-size-default\">Sz\u00e9les v\u00e1laszt\u00e9k<\/h2>\t\t<\/div>\n\t\t\t\t<\/div>\n\t\t\t\t<div class=\"elementor-element elementor-element-e0b2ca9 elementor-widget elementor-widget-text-editor\" data-id=\"e0b2ca9\" data-element_type=\"widget\" data-widget_type=\"text-editor.default\">\n\t\t\t\t<div class=\"elementor-widget-container\">\n\t\t\t\t\t\t\t<p>Sokf\u00e9le lehet\u0151s\u00e9g\u00fcnkb\u0151l (bagelek, kr\u00e9mek, felv\u00e1gottak, sajtok) \u00e1ll\u00edts \u00f6ssze olyat amit megk\u00edv\u00e1nsz, \u00e9s mi elk\u00e9sz\u00edtj\u00fck neked. Helyben s\u00fct\u00f6tt p\u00e9k\u00e1ruval, amerikai palacsint\u00e1val, f\u00e1nk \u00e9s torta k\u00edn\u00e1lattal is v\u00e1runk.<\/p>\t\t\t\t\t\t<\/div>\n\t\t\t\t<\/div>\n\t\t\t\t<\/div>\n\t\t<div class=\"elementor-element elementor-element-2b4078f e-con-full e-flex e-con e-child\" data-id=\"2b4078f\" data-element_type=\"container\" data-settings=\"{&quot;background_background&quot;:&quot;classic&quot;}\">\n\t\t\t\t<div class=\"elementor-element elementor-element-a7b856d elementor-view-default elementor-widget elementor-widget-icon\" data-id=\"a7b856d\" data-element_type=\"widget\" data-widget_type=\"icon.default\">\n\t\t\t\t<div class=\"elementor-widget-container\">\n\t\t\t\t\t<div class=\"elementor-icon-wrapper\">\n\t\t\t<div class=\"elementor-icon\">\n\t\t\t<i aria-hidden=\"true\" class=\"fas fa-cookie-bite\"><\/i>\t\t\t<\/div>\n\t\t<\/div>\n\t\t\t\t<\/div>\n\t\t\t\t<\/div>\n\t\t\t\t<div class=\"elementor-element elementor-element-eae88ec elementor-widget elementor-widget-heading\" data-id=\"eae88ec\" data-element_type=\"widget\" data-widget_type=\"heading.default\">\n\t\t\t\t<div class=\"elementor-widget-container\">\n\t\t\t<h2 class=\"elementor-heading-title elementor-size-default\">Frissen k\u00e9sz\u00fclt<\/h2>\t\t<\/div>\n\t\t\t\t<\/div>\n\t\t\t\t<div class=\"elementor-element elementor-element-d366293 elementor-widget elementor-widget-text-editor\" data-id=\"d366293\" data-element_type=\"widget\" data-widget_type=\"text-editor.default\">\n\t\t\t\t<div class=\"elementor-widget-container\">\n\t\t\t\t\t\t\t<p>Szentendr\u00e9n melegkonyhai k\u00edn\u00e1lattal is v\u00e1runk. Az \u00e9tlapon frissen k\u00e9sz\u00fclt toj\u00e1sos \u00e9teleket, melegszendvicseket, f\u0151tt virslit is tal\u00e1lsz, amiket nem csak reggelire k\u00e9rhetsz, hiszen d\u00e9lut\u00e1n is el\u00e9rhet\u0151ek.<\/p>\t\t\t\t\t\t<\/div>\n\t\t\t\t<\/div>\n\t\t\t\t<\/div>\n\t\t<div class=\"elementor-element elementor-element-d0e60fd e-con-full e-flex e-con e-child\" data-id=\"d0e60fd\" data-element_type=\"container\">\n\t\t\t\t<div class=\"elementor-element elementor-element-6c881f4 elementor-view-default elementor-widget elementor-widget-icon\" data-id=\"6c881f4\" data-element_type=\"widget\" data-widget_type=\"icon.default\">\n\t\t\t\t<div class=\"elementor-widget-container\">\n\t\t\t\t\t<div class=\"elementor-icon-wrapper\">\n\t\t\t<div class=\"elementor-icon\">\n\t\t\t<i aria-hidden=\"true\" class=\"fas fa-wifi\"><\/i>\t\t\t<\/div>\n\t\t<\/div>\n\t\t\t\t<\/div>\n\t\t\t\t<\/div>\n\t\t\t\t<div class=\"elementor-element elementor-element-ebff507 elementor-widget elementor-widget-heading\" data-id=\"ebff507\" data-element_type=\"widget\" data-widget_type=\"heading.default\">\n\t\t\t\t<div class=\"elementor-widget-container\">\n\t\t\t<h2 class=\"elementor-heading-title elementor-size-default\">Free Wifi<\/h2>\t\t<\/div>\n\t\t\t\t<\/div>\n\t\t\t\t<div class=\"elementor-element elementor-element-efba72d elementor-widget elementor-widget-text-editor\" data-id=\"efba72d\" data-element_type=\"widget\" data-widget_type=\"text-editor.default\">\n\t\t\t\t<div class=\"elementor-widget-container\">\n\t\t\t\t\t\t\t<p>Ha netezn\u00e9l, vagy dolgozn\u00e1l a Wifit biztos\u00edtjuk hozz\u00e1! A d\u00e9lut\u00e1ni \/ esti \u00f3r\u00e1kban pedig alkohol k\u00edn\u00e1latb\u00f3l, min\u0151s\u00e9gi r\u00f6vid italokb\u00f3l, kokt\u00e9lokb\u00f3l is v\u00e1logathatsz.<\/p>\t\t\t\t\t\t<\/div>\n\t\t\t\t<\/div>\n\t\t\t\t<\/div>\n\t\t\t\t<\/div>\n\t\t\t\t\t<\/div>\n\t\t\t\t<\/div>\n\t\t\t\t<\/div>","protected":false},"excerpt":{"rendered":"<p>SpiritSun K\u00e1v\u00e9z\u00f3k \u00dajlip\u00f3ton \u00e9s Szentendr\u00e9n Spirit Cafe \u00dajlip\u00f3t XIII. ker\u00fclet, Heged\u0171s Gyula utca 39. Nyitvatart\u00e1s H\u00e9tf\u0151-P\u00e9ntek8:00-23:00 Szombat-Vas\u00e1rnap8:00-22:00 \u00c9tel \u00e9s Itallap Spirit Cafe Szentendre Szentendre, Pann\u00f3nia utca 1. Nyitvatart\u00e1s H\u00e9tf\u0151-P\u00e9ntek8:00-23:00 Szombat-Vas\u00e1rnap8:00-22:00 \u00c9tel \u00e9s Itallap K\u00e1v\u00e9k, friss\u00edt\u0151k, szendvicsek \u00dclj be hozz\u00e1nk szol\u00e1riumoz\u00e1s el\u0151tt vagy ut\u00e1n vagy csak mert kellemes k\u00f6rnyezetben t\u00f6lten\u00e9d az id\u0151d, ahol kedves a kiszolg\u00e1l\u00e1s, [&hellip;]<\/p>","protected":false},"author":3,"featured_media":0,"parent":0,"menu_order":0,"comment_status":"closed","ping_status":"closed","template":"","meta":{"footnotes":""},"class_list":["post-106","page","type-page","status-publish","hentry"],"_links":{"self":[{"href":"https:\/\/cms.spiritnext.com\/en\/wp-json\/wp\/v2\/pages\/106","targetHints":{"allow":["GET"]}}],"collection":[{"href":"https:\/\/cms.spiritnext.com\/en\/wp-json\/wp\/v2\/pages"}],"about":[{"href":"https:\/\/cms.spiritnext.com\/en\/wp-json\/wp\/v2\/types\/page"}],"author":[{"embeddable":true,"href":"https:\/\/cms.spiritnext.com\/en\/wp-json\/wp\/v2\/users\/3"}],"replies":[{"embeddable":true,"href":"https:\/\/cms.spiritnext.com\/en\/wp-json\/wp\/v2\/comments?post=106"}],"version-history":[{"count":28,"href":"https:\/\/cms.spiritnext.com\/en\/wp-json\/wp\/v2\/pages\/106\/revisions"}],"predecessor-version":[{"id":590,"href":"https:\/\/cms.spiritnext.com\/en\/wp-json\/wp\/v2\/pages\/106\/revisions\/590"}],"wp:attachment":[{"href":"https:\/\/cms.spiritnext.com\/en\/wp-json\/wp\/v2\/media?parent=106"}],"curies":[{"name":"wp","href":"https:\/\/api.w.org\/{rel}","templated":true}]}}