{"id":18,"date":"2024-08-01T10:44:50","date_gmt":"2024-08-01T08:44:50","guid":{"rendered":"https:\/\/cms.spiritnext.com\/?page_id=18"},"modified":"2024-09-11T14:17:48","modified_gmt":"2024-09-11T12:17:48","slug":"studiok","status":"publish","type":"page","link":"https:\/\/cms.spiritnext.com\/en\/studiok\/","title":{"rendered":"Studios"},"content":{"rendered":"<div data-elementor-type=\"wp-page\" data-elementor-id=\"18\" class=\"elementor elementor-18\" data-elementor-post-type=\"page\">\n\t\t\t\t<div class=\"elementor-element elementor-element-5d54594 e-flex e-con-boxed e-con e-parent\" data-id=\"5d54594\" data-element_type=\"container\" data-settings=\"{&quot;background_background&quot;:&quot;classic&quot;,&quot;shape_divider_bottom&quot;:&quot;opacity-tilt&quot;}\">\n\t\t\t\t\t<div class=\"e-con-inner\">\n\t\t\t\t<div class=\"elementor-shape elementor-shape-bottom\" data-negative=\"false\">\n\t\t\t<svg xmlns=\"http:\/\/www.w3.org\/2000\/svg\" viewbox=\"0 0 2600 131.1\" preserveaspectratio=\"none\">\n\t<path class=\"elementor-shape-fill\" d=\"M0 0L2600 0 2600 69.1 0 0z\"\/>\n\t<path class=\"elementor-shape-fill\" style=\"opacity:0.5\" d=\"M0 0L2600 0 2600 69.1 0 69.1z\"\/>\n\t<path class=\"elementor-shape-fill\" style=\"opacity:0.25\" d=\"M2600 0L0 0 0 130.1 2600 69.1z\"\/>\n<\/svg>\t\t<\/div>\n\t\t<div class=\"elementor-element elementor-element-6b8d353 e-con-full e-flex e-con e-child\" data-id=\"6b8d353\" data-element_type=\"container\">\n\t\t\t\t<div class=\"elementor-element elementor-element-4531765 elementor-widget elementor-widget-heading\" data-id=\"4531765\" data-element_type=\"widget\" data-widget_type=\"heading.default\">\n\t\t\t\t<div class=\"elementor-widget-container\">\n\t\t\t<style>\/*! elementor - v3.23.0 - 25-07-2024 *\/\n.elementor-heading-title{padding:0;margin:0;line-height:1}.elementor-widget-heading .elementor-heading-title[class*=elementor-size-]>a{color:inherit;font-size:inherit;line-height:inherit}.elementor-widget-heading .elementor-heading-title.elementor-size-small{font-size:15px}.elementor-widget-heading .elementor-heading-title.elementor-size-medium{font-size:19px}.elementor-widget-heading .elementor-heading-title.elementor-size-large{font-size:29px}.elementor-widget-heading .elementor-heading-title.elementor-size-xl{font-size:39px}.elementor-widget-heading .elementor-heading-title.elementor-size-xxl{font-size:59px}<\/style><h2 class=\"elementor-heading-title elementor-size-default\">SpiritSun St\u00fadi\u00f3k\n<\/h2>\t\t<\/div>\n\t\t\t\t<\/div>\n\t\t\t\t<div class=\"elementor-element elementor-element-979b9d1 elementor-widget elementor-widget-text-editor\" data-id=\"979b9d1\" data-element_type=\"widget\" data-widget_type=\"text-editor.default\">\n\t\t\t\t<div class=\"elementor-widget-container\">\n\t\t\t<style>\/*! elementor - v3.23.0 - 25-07-2024 *\/\n.elementor-widget-text-editor.elementor-drop-cap-view-stacked .elementor-drop-cap{background-color:#69727d;color:#fff}.elementor-widget-text-editor.elementor-drop-cap-view-framed .elementor-drop-cap{color:#69727d;border:3px solid;background-color:transparent}.elementor-widget-text-editor:not(.elementor-drop-cap-view-default) .elementor-drop-cap{margin-top:8px}.elementor-widget-text-editor:not(.elementor-drop-cap-view-default) .elementor-drop-cap-letter{width:1em;height:1em}.elementor-widget-text-editor .elementor-drop-cap{float:left;text-align:center;line-height:1;font-size:50px}.elementor-widget-text-editor .elementor-drop-cap-letter{display:inline-block}<\/style>\t\t\t\t<p>Budapest 5 pontj\u00e1n \u00e9s Szentendr\u00e9n<\/p>\t\t\t\t\t\t<\/div>\n\t\t\t\t<\/div>\n\t\t\t\t<\/div>\n\t\t\t\t\t<\/div>\n\t\t\t\t<\/div>\n\t\t<div class=\"elementor-element elementor-element-e07db48 e-flex e-con-boxed e-con e-parent\" data-id=\"e07db48\" data-element_type=\"container\" data-settings=\"{&quot;background_background&quot;:&quot;classic&quot;,&quot;shape_divider_top&quot;:&quot;opacity-tilt&quot;,&quot;shape_divider_bottom&quot;:&quot;opacity-tilt&quot;}\">\n\t\t\t\t\t<div class=\"e-con-inner\">\n\t\t\t\t<div class=\"elementor-shape elementor-shape-top\" data-negative=\"false\">\n\t\t\t<svg xmlns=\"http:\/\/www.w3.org\/2000\/svg\" viewbox=\"0 0 2600 131.1\" preserveaspectratio=\"none\">\n\t<path class=\"elementor-shape-fill\" d=\"M0 0L2600 0 2600 69.1 0 0z\"\/>\n\t<path class=\"elementor-shape-fill\" style=\"opacity:0.5\" d=\"M0 0L2600 0 2600 69.1 0 69.1z\"\/>\n\t<path class=\"elementor-shape-fill\" style=\"opacity:0.25\" d=\"M2600 0L0 0 0 130.1 2600 69.1z\"\/>\n<\/svg>\t\t<\/div>\n\t\t\t\t<div class=\"elementor-shape elementor-shape-bottom\" data-negative=\"false\">\n\t\t\t<svg xmlns=\"http:\/\/www.w3.org\/2000\/svg\" viewbox=\"0 0 2600 131.1\" preserveaspectratio=\"none\">\n\t<path class=\"elementor-shape-fill\" d=\"M0 0L2600 0 2600 69.1 0 0z\"\/>\n\t<path class=\"elementor-shape-fill\" style=\"opacity:0.5\" d=\"M0 0L2600 0 2600 69.1 0 69.1z\"\/>\n\t<path class=\"elementor-shape-fill\" style=\"opacity:0.25\" d=\"M2600 0L0 0 0 130.1 2600 69.1z\"\/>\n<\/svg>\t\t<\/div>\n\t\t\t\t<div class=\"elementor-element elementor-element-a1a1670 elementor-widget elementor-widget-button\" data-id=\"a1a1670\" data-element_type=\"widget\" data-widget_type=\"button.default\">\n\t\t\t\t<div class=\"elementor-widget-container\">\n\t\t\t\t\t<div class=\"elementor-button-wrapper\">\n\t\t\t<a class=\"elementor-button elementor-button-link elementor-size-sm\" href=\"#angyalfold-anchor\">\n\t\t\t\t\t\t<span class=\"elementor-button-content-wrapper\">\n\t\t\t\t\t\t\t\t\t<span class=\"elementor-button-text\">#Angyalf\u00f6ld<\/span>\n\t\t\t\t\t<\/span>\n\t\t\t\t\t<\/a>\n\t\t<\/div>\n\t\t\t\t<\/div>\n\t\t\t\t<\/div>\n\t\t\t\t<div class=\"elementor-element elementor-element-54ae66b elementor-widget elementor-widget-button\" data-id=\"54ae66b\" data-element_type=\"widget\" data-widget_type=\"button.default\">\n\t\t\t\t<div class=\"elementor-widget-container\">\n\t\t\t\t\t<div class=\"elementor-button-wrapper\">\n\t\t\t<a class=\"elementor-button elementor-button-link elementor-size-sm\" href=\"#corvin-anchor\">\n\t\t\t\t\t\t<span class=\"elementor-button-content-wrapper\">\n\t\t\t\t\t\t\t\t\t<span class=\"elementor-button-text\">#Corvin<\/span>\n\t\t\t\t\t<\/span>\n\t\t\t\t\t<\/a>\n\t\t<\/div>\n\t\t\t\t<\/div>\n\t\t\t\t<\/div>\n\t\t\t\t\t<\/div>\n\t\t\t\t<\/div>\n\t\t<div class=\"elementor-element elementor-element-24d1423 e-flex e-con-boxed e-con e-parent\" data-id=\"24d1423\" data-element_type=\"container\" id=\"angyalfold-anchor\" data-settings=\"{&quot;background_background&quot;:&quot;classic&quot;}\">\n\t\t\t\t\t<div class=\"e-con-inner\">\n\t\t<div class=\"elementor-element elementor-element-b8a9710 e-con-full e-flex e-con e-child\" data-id=\"b8a9710\" data-element_type=\"container\">\n\t\t\t\t<div class=\"elementor-element elementor-element-855f403 elementor-widget elementor-widget-heading\" data-id=\"855f403\" data-element_type=\"widget\" data-widget_type=\"heading.default\">\n\t\t\t\t<div class=\"elementor-widget-container\">\n\t\t\t<h2 class=\"elementor-heading-title elementor-size-default\">SpiritSun Angyalf\u00f6ld<\/h2>\t\t<\/div>\n\t\t\t\t<\/div>\n\t\t\t\t<div class=\"elementor-element elementor-element-f2e67a3 elementor-widget elementor-widget-heading\" data-id=\"f2e67a3\" data-element_type=\"widget\" data-widget_type=\"heading.default\">\n\t\t\t\t<div class=\"elementor-widget-container\">\n\t\t\t<h2 class=\"elementor-heading-title elementor-size-default\">XIII. ker\u00fclet, G\u00f6mb utca 7.\n<\/h2>\t\t<\/div>\n\t\t\t\t<\/div>\n\t\t<div class=\"elementor-element elementor-element-2c9ce23 e-con-full e-flex e-con e-child\" data-id=\"2c9ce23\" data-element_type=\"container\">\n\t\t\t\t<div class=\"elementor-element elementor-element-f57a763 elementor-widget elementor-widget-heading\" data-id=\"f57a763\" data-element_type=\"widget\" data-widget_type=\"heading.default\">\n\t\t\t\t<div class=\"elementor-widget-container\">\n\t\t\t<h2 class=\"elementor-heading-title elementor-size-default\">Nyitvatart\u00e1s<\/h2>\t\t<\/div>\n\t\t\t\t<\/div>\n\t\t\t\t<div class=\"elementor-element elementor-element-f6fc81e elementor-widget__width-initial elementor-icon-list--layout-traditional elementor-list-item-link-full_width elementor-widget elementor-widget-icon-list\" data-id=\"f6fc81e\" data-element_type=\"widget\" data-widget_type=\"icon-list.default\">\n\t\t\t\t<div class=\"elementor-widget-container\">\n\t\t\t<link rel=\"stylesheet\" href=\"https:\/\/cms.spiritnext.com\/wp-content\/plugins\/elementor\/assets\/css\/widget-icon-list.min.css\">\t\t<ul class=\"elementor-icon-list-items\">\n\t\t\t\t\t\t\t<li class=\"elementor-icon-list-item\">\n\t\t\t\t\t\t\t\t\t\t\t<span class=\"elementor-icon-list-icon\">\n\t\t\t\t\t\t\t<i aria-hidden=\"true\" class=\"far fa-calendar-check\"><\/i>\t\t\t\t\t\t<\/span>\n\t\t\t\t\t\t\t\t\t\t<span class=\"elementor-icon-list-text\">H\u00e9tf\u0151-P\u00e9ntek<\/br>8:00-23:00<\/span>\n\t\t\t\t\t\t\t\t\t<\/li>\n\t\t\t\t\t\t\t\t<li class=\"elementor-icon-list-item\">\n\t\t\t\t\t\t\t\t\t\t\t<span class=\"elementor-icon-list-icon\">\n\t\t\t\t\t\t\t<i aria-hidden=\"true\" class=\"far fa-calendar-check\"><\/i>\t\t\t\t\t\t<\/span>\n\t\t\t\t\t\t\t\t\t\t<span class=\"elementor-icon-list-text\">Szombat-Vas\u00e1rnap<\/br>8:00-22:00<\/span>\n\t\t\t\t\t\t\t\t\t<\/li>\n\t\t\t\t\t\t<\/ul>\n\t\t\t\t<\/div>\n\t\t\t\t<\/div>\n\t\t\t\t<\/div>\n\t\t<div class=\"elementor-element elementor-element-ee0e86c e-con-full e-flex e-con e-child\" data-id=\"ee0e86c\" data-element_type=\"container\">\n\t\t\t\t<div class=\"elementor-element elementor-element-472c2d4 elementor-widget elementor-widget-button\" data-id=\"472c2d4\" data-element_type=\"widget\" data-widget_type=\"button.default\">\n\t\t\t\t<div class=\"elementor-widget-container\">\n\t\t\t\t\t<div class=\"elementor-button-wrapper\">\n\t\t\t<a class=\"elementor-button elementor-button-link elementor-size-sm\" href=\"https:\/\/cms.spiritnext.com\/en\/angyalfold\/\">\n\t\t\t\t\t\t<span class=\"elementor-button-content-wrapper\">\n\t\t\t\t\t\t\t\t\t<span class=\"elementor-button-text\">B\u0151vebben<\/span>\n\t\t\t\t\t<\/span>\n\t\t\t\t\t<\/a>\n\t\t<\/div>\n\t\t\t\t<\/div>\n\t\t\t\t<\/div>\n\t\t\t\t<\/div>\n\t\t\t\t<\/div>\n\t\t<div class=\"elementor-element elementor-element-065ea35 e-con-full e-flex e-con e-child\" data-id=\"065ea35\" data-element_type=\"container\">\n\t\t\t\t<div class=\"elementor-element elementor-element-edb1655 elementor-widget elementor-widget-image\" data-id=\"edb1655\" data-element_type=\"widget\" data-widget_type=\"image.default\">\n\t\t\t\t<div class=\"elementor-widget-container\">\n\t\t\t\t\t\t\t\t\t\t\t\t\t<img fetchpriority=\"high\" decoding=\"async\" width=\"1777\" height=\"1000\" src=\"https:\/\/cms.spiritnext.com\/wp-content\/uploads\/2024\/09\/angyalfold_front.webp\" class=\"attachment-full size-full wp-image-374\" alt=\"Angyalf\u00f6ldi Spiritsun Szol\u00e1riumst\u00fadi\u00f3\" srcset=\"https:\/\/cms.spiritnext.com\/wp-content\/uploads\/2024\/09\/angyalfold_front.webp 1777w, https:\/\/cms.spiritnext.com\/wp-content\/uploads\/2024\/09\/angyalfold_front-700x394.webp 700w, https:\/\/cms.spiritnext.com\/wp-content\/uploads\/2024\/09\/angyalfold_front-1024x576.webp 1024w, https:\/\/cms.spiritnext.com\/wp-content\/uploads\/2024\/09\/angyalfold_front-768x432.webp 768w, https:\/\/cms.spiritnext.com\/wp-content\/uploads\/2024\/09\/angyalfold_front-1536x864.webp 1536w, https:\/\/cms.spiritnext.com\/wp-content\/uploads\/2024\/09\/angyalfold_front-18x10.webp 18w\" sizes=\"(max-width: 1777px) 100vw, 1777px\" \/>\t\t\t\t\t\t\t\t\t\t\t\t\t<\/div>\n\t\t\t\t<\/div>\n\t\t\t\t<\/div>\n\t\t\t\t\t<\/div>\n\t\t\t\t<\/div>\n\t\t<div class=\"elementor-element elementor-element-bdbc7df e-flex e-con-boxed e-con e-parent\" data-id=\"bdbc7df\" data-element_type=\"container\" id=\"corvin-anchor\" data-settings=\"{&quot;background_background&quot;:&quot;classic&quot;}\">\n\t\t\t\t\t<div class=\"e-con-inner\">\n\t\t<div class=\"elementor-element elementor-element-3c7b475 e-con-full e-flex e-con e-child\" data-id=\"3c7b475\" data-element_type=\"container\">\n\t\t\t\t<div class=\"elementor-element elementor-element-3759096 elementor-widget elementor-widget-heading\" data-id=\"3759096\" data-element_type=\"widget\" data-widget_type=\"heading.default\">\n\t\t\t\t<div class=\"elementor-widget-container\">\n\t\t\t<h2 class=\"elementor-heading-title elementor-size-default\">SpiritSun Corvin<\/h2>\t\t<\/div>\n\t\t\t\t<\/div>\n\t\t\t\t<div class=\"elementor-element elementor-element-e8c909c elementor-widget elementor-widget-heading\" data-id=\"e8c909c\" data-element_type=\"widget\" data-widget_type=\"heading.default\">\n\t\t\t\t<div class=\"elementor-widget-container\">\n\t\t\t<h2 class=\"elementor-heading-title elementor-size-default\">IX. ker\u00fclet, \u00dcll\u0151i \u00fat 39-43.\n<\/h2>\t\t<\/div>\n\t\t\t\t<\/div>\n\t\t<div class=\"elementor-element elementor-element-5255291 e-con-full e-flex e-con e-child\" data-id=\"5255291\" data-element_type=\"container\">\n\t\t\t\t<div class=\"elementor-element elementor-element-238d3d3 elementor-widget elementor-widget-heading\" data-id=\"238d3d3\" data-element_type=\"widget\" data-widget_type=\"heading.default\">\n\t\t\t\t<div class=\"elementor-widget-container\">\n\t\t\t<h2 class=\"elementor-heading-title elementor-size-default\">Nyitvatart\u00e1s<\/h2>\t\t<\/div>\n\t\t\t\t<\/div>\n\t\t\t\t<div class=\"elementor-element elementor-element-14283ec elementor-widget__width-initial elementor-icon-list--layout-traditional elementor-list-item-link-full_width elementor-widget elementor-widget-icon-list\" data-id=\"14283ec\" data-element_type=\"widget\" data-widget_type=\"icon-list.default\">\n\t\t\t\t<div class=\"elementor-widget-container\">\n\t\t\t\t\t<ul class=\"elementor-icon-list-items\">\n\t\t\t\t\t\t\t<li class=\"elementor-icon-list-item\">\n\t\t\t\t\t\t\t\t\t\t\t<span class=\"elementor-icon-list-icon\">\n\t\t\t\t\t\t\t<i aria-hidden=\"true\" class=\"far fa-calendar-check\"><\/i>\t\t\t\t\t\t<\/span>\n\t\t\t\t\t\t\t\t\t\t<span class=\"elementor-icon-list-text\">H\u00e9tf\u0151-P\u00e9ntek<\/br>8:00-23:00<\/span>\n\t\t\t\t\t\t\t\t\t<\/li>\n\t\t\t\t\t\t\t\t<li class=\"elementor-icon-list-item\">\n\t\t\t\t\t\t\t\t\t\t\t<span class=\"elementor-icon-list-icon\">\n\t\t\t\t\t\t\t<i aria-hidden=\"true\" class=\"far fa-calendar-check\"><\/i>\t\t\t\t\t\t<\/span>\n\t\t\t\t\t\t\t\t\t\t<span class=\"elementor-icon-list-text\">Szombat-Vas\u00e1rnap<\/br>8:00-22:00<\/span>\n\t\t\t\t\t\t\t\t\t<\/li>\n\t\t\t\t\t\t<\/ul>\n\t\t\t\t<\/div>\n\t\t\t\t<\/div>\n\t\t\t\t<\/div>\n\t\t<div class=\"elementor-element elementor-element-5d9ac6d e-con-full e-flex e-con e-child\" data-id=\"5d9ac6d\" data-element_type=\"container\">\n\t\t\t\t<div class=\"elementor-element elementor-element-287d30c elementor-widget elementor-widget-button\" data-id=\"287d30c\" data-element_type=\"widget\" data-widget_type=\"button.default\">\n\t\t\t\t<div class=\"elementor-widget-container\">\n\t\t\t\t\t<div class=\"elementor-button-wrapper\">\n\t\t\t<a class=\"elementor-button elementor-button-link elementor-size-sm\" href=\"https:\/\/cms.spiritnext.com\/en\/corvin\/\">\n\t\t\t\t\t\t<span class=\"elementor-button-content-wrapper\">\n\t\t\t\t\t\t\t\t\t<span class=\"elementor-button-text\">B\u0151vebben<\/span>\n\t\t\t\t\t<\/span>\n\t\t\t\t\t<\/a>\n\t\t<\/div>\n\t\t\t\t<\/div>\n\t\t\t\t<\/div>\n\t\t\t\t<\/div>\n\t\t\t\t<\/div>\n\t\t<div class=\"elementor-element elementor-element-09e25d2 e-con-full e-flex e-con e-child\" data-id=\"09e25d2\" data-element_type=\"container\">\n\t\t\t\t<div class=\"elementor-element elementor-element-9ac7cd7 elementor-widget elementor-widget-image\" data-id=\"9ac7cd7\" data-element_type=\"widget\" data-widget_type=\"image.default\">\n\t\t\t\t<div class=\"elementor-widget-container\">\n\t\t\t\t\t\t\t\t\t\t\t\t\t<img decoding=\"async\" width=\"1325\" height=\"745\" src=\"https:\/\/cms.spiritnext.com\/wp-content\/uploads\/2024\/09\/corvin_front.webp\" class=\"attachment-full size-full wp-image-375\" alt=\"Corvin SpiritSun Szol\u00e1riumst\u00fadi\u00f3\" srcset=\"https:\/\/cms.spiritnext.com\/wp-content\/uploads\/2024\/09\/corvin_front.webp 1325w, https:\/\/cms.spiritnext.com\/wp-content\/uploads\/2024\/09\/corvin_front-700x394.webp 700w, https:\/\/cms.spiritnext.com\/wp-content\/uploads\/2024\/09\/corvin_front-1024x576.webp 1024w, https:\/\/cms.spiritnext.com\/wp-content\/uploads\/2024\/09\/corvin_front-768x432.webp 768w, https:\/\/cms.spiritnext.com\/wp-content\/uploads\/2024\/09\/corvin_front-18x10.webp 18w\" sizes=\"(max-width: 1325px) 100vw, 1325px\" \/>\t\t\t\t\t\t\t\t\t\t\t\t\t<\/div>\n\t\t\t\t<\/div>\n\t\t\t\t<\/div>\n\t\t\t\t\t<\/div>\n\t\t\t\t<\/div>\n\t\t\t\t<\/div>","protected":false},"excerpt":{"rendered":"<p>SpiritSun St\u00fadi\u00f3k Budapest 5 pontj\u00e1n \u00e9s Szentendr\u00e9n #Angyalf\u00f6ld #Corvin SpiritSun Angyalf\u00f6ld XIII. ker\u00fclet, G\u00f6mb utca 7. Nyitvatart\u00e1s H\u00e9tf\u0151-P\u00e9ntek8:00-23:00 Szombat-Vas\u00e1rnap8:00-22:00 B\u0151vebben SpiritSun Corvin IX. ker\u00fclet, \u00dcll\u0151i \u00fat 39-43. Nyitvatart\u00e1s H\u00e9tf\u0151-P\u00e9ntek8:00-23:00 Szombat-Vas\u00e1rnap8:00-22:00 B\u0151vebben<\/p>","protected":false},"author":3,"featured_media":0,"parent":0,"menu_order":0,"comment_status":"closed","ping_status":"closed","template":"","meta":{"footnotes":""},"class_list":["post-18","page","type-page","status-publish","hentry"],"_links":{"self":[{"href":"https:\/\/cms.spiritnext.com\/en\/wp-json\/wp\/v2\/pages\/18","targetHints":{"allow":["GET"]}}],"collection":[{"href":"https:\/\/cms.spiritnext.com\/en\/wp-json\/wp\/v2\/pages"}],"about":[{"href":"https:\/\/cms.spiritnext.com\/en\/wp-json\/wp\/v2\/types\/page"}],"author":[{"embeddable":true,"href":"https:\/\/cms.spiritnext.com\/en\/wp-json\/wp\/v2\/users\/3"}],"replies":[{"embeddable":true,"href":"https:\/\/cms.spiritnext.com\/en\/wp-json\/wp\/v2\/comments?post=18"}],"version-history":[{"count":73,"href":"https:\/\/cms.spiritnext.com\/en\/wp-json\/wp\/v2\/pages\/18\/revisions"}],"predecessor-version":[{"id":629,"href":"https:\/\/cms.spiritnext.com\/en\/wp-json\/wp\/v2\/pages\/18\/revisions\/629"}],"wp:attachment":[{"href":"https:\/\/cms.spiritnext.com\/en\/wp-json\/wp\/v2\/media?parent=18"}],"curies":[{"name":"wp","href":"https:\/\/api.w.org\/{rel}","templated":true}]}}