{"id":21,"date":"2024-08-01T10:45:15","date_gmt":"2024-08-01T08:45:15","guid":{"rendered":"https:\/\/cms.spiritnext.com\/?page_id=21"},"modified":"2024-09-11T14:28:43","modified_gmt":"2024-09-11T12:28:43","slug":"gepek","status":"publish","type":"page","link":"https:\/\/cms.spiritnext.com\/en\/gepek\/","title":{"rendered":"Machines"},"content":{"rendered":"<div data-elementor-type=\"wp-page\" data-elementor-id=\"21\" class=\"elementor elementor-21\" data-elementor-post-type=\"page\">\n\t\t\t\t<div class=\"elementor-element elementor-element-081c6b4 e-flex e-con-boxed e-con e-parent\" data-id=\"081c6b4\" data-element_type=\"container\" data-settings=\"{&quot;background_background&quot;:&quot;classic&quot;,&quot;shape_divider_bottom&quot;:&quot;opacity-tilt&quot;}\">\n\t\t\t\t\t<div class=\"e-con-inner\">\n\t\t\t\t<div class=\"elementor-shape elementor-shape-bottom\" data-negative=\"false\">\n\t\t\t<svg xmlns=\"http:\/\/www.w3.org\/2000\/svg\" viewbox=\"0 0 2600 131.1\" preserveaspectratio=\"none\">\n\t<path class=\"elementor-shape-fill\" d=\"M0 0L2600 0 2600 69.1 0 0z\"\/>\n\t<path class=\"elementor-shape-fill\" style=\"opacity:0.5\" d=\"M0 0L2600 0 2600 69.1 0 69.1z\"\/>\n\t<path class=\"elementor-shape-fill\" style=\"opacity:0.25\" d=\"M2600 0L0 0 0 130.1 2600 69.1z\"\/>\n<\/svg>\t\t<\/div>\n\t\t\t\t<div class=\"elementor-element elementor-element-11a34b7 elementor-widget elementor-widget-heading\" data-id=\"11a34b7\" data-element_type=\"widget\" data-widget_type=\"heading.default\">\n\t\t\t\t<div class=\"elementor-widget-container\">\n\t\t\t<style>\/*! elementor - v3.23.0 - 25-07-2024 *\/\n.elementor-heading-title{padding:0;margin:0;line-height:1}.elementor-widget-heading .elementor-heading-title[class*=elementor-size-]>a{color:inherit;font-size:inherit;line-height:inherit}.elementor-widget-heading .elementor-heading-title.elementor-size-small{font-size:15px}.elementor-widget-heading .elementor-heading-title.elementor-size-medium{font-size:19px}.elementor-widget-heading .elementor-heading-title.elementor-size-large{font-size:29px}.elementor-widget-heading .elementor-heading-title.elementor-size-xl{font-size:39px}.elementor-widget-heading .elementor-heading-title.elementor-size-xxl{font-size:59px}<\/style><h2 class=\"elementor-heading-title elementor-size-default\">Szol\u00e1riumg\u00e9pek<\/h2>\t\t<\/div>\n\t\t\t\t<\/div>\n\t\t\t\t<div class=\"elementor-element elementor-element-a539637 elementor-widget elementor-widget-text-editor\" data-id=\"a539637\" data-element_type=\"widget\" data-widget_type=\"text-editor.default\">\n\t\t\t\t<div class=\"elementor-widget-container\">\n\t\t\t<style>\/*! elementor - v3.23.0 - 25-07-2024 *\/\n.elementor-widget-text-editor.elementor-drop-cap-view-stacked .elementor-drop-cap{background-color:#69727d;color:#fff}.elementor-widget-text-editor.elementor-drop-cap-view-framed .elementor-drop-cap{color:#69727d;border:3px solid;background-color:transparent}.elementor-widget-text-editor:not(.elementor-drop-cap-view-default) .elementor-drop-cap{margin-top:8px}.elementor-widget-text-editor:not(.elementor-drop-cap-view-default) .elementor-drop-cap-letter{width:1em;height:1em}.elementor-widget-text-editor .elementor-drop-cap{float:left;text-align:center;line-height:1;font-size:50px}.elementor-widget-text-editor .elementor-drop-cap-letter{display:inline-block}<\/style>\t\t\t\t<p>Szol\u00e1rium g\u00e9pparkunk kiz\u00e1r\u00f3lag cs\u00facskateg\u00f3ri\u00e1s Ergoline berendez\u00e9sekb\u0151l \u00e1ll, ami vil\u00e1gviszonylatban is a legkedveltebb \u00e9s legjobb szol\u00e1rium m\u00e1rk\u00e1nak sz\u00e1m\u00edt.<\/p>\t\t\t\t\t\t<\/div>\n\t\t\t\t<\/div>\n\t\t\t\t\t<\/div>\n\t\t\t\t<\/div>\n\t\t<div class=\"elementor-element elementor-element-20b67f5 e-flex e-con-boxed e-con e-parent\" data-id=\"20b67f5\" data-element_type=\"container\" data-settings=\"{&quot;background_background&quot;:&quot;classic&quot;}\">\n\t\t\t\t\t<div class=\"e-con-inner\">\n\t\t<div class=\"elementor-element elementor-element-6d9d06a e-con-full e-flex e-con e-child\" data-id=\"6d9d06a\" data-element_type=\"container\">\n\t\t<div class=\"elementor-element elementor-element-65f6b25 e-con-full e-flex e-con e-child\" data-id=\"65f6b25\" data-element_type=\"container\" data-settings=\"{&quot;background_background&quot;:&quot;classic&quot;}\">\n\t\t\t\t<div class=\"elementor-element elementor-element-6b02373 elementor-widget elementor-widget-heading\" data-id=\"6b02373\" data-element_type=\"widget\" data-widget_type=\"heading.default\">\n\t\t\t\t<div class=\"elementor-widget-container\">\n\t\t\t<h2 class=\"elementor-heading-title elementor-size-default\">Fekv\u0151 szol\u00e1riumok<\/h2>\t\t<\/div>\n\t\t\t\t<\/div>\n\t\t\t\t<div class=\"elementor-element elementor-element-09ae02e elementor-widget elementor-widget-image\" data-id=\"09ae02e\" data-element_type=\"widget\" data-widget_type=\"image.default\">\n\t\t\t\t<div class=\"elementor-widget-container\">\n\t\t\t\t\t\t\t\t\t\t\t\t\t<img fetchpriority=\"high\" decoding=\"async\" width=\"768\" height=\"1024\" src=\"https:\/\/cms.spiritnext.com\/wp-content\/uploads\/2024\/09\/gepek_front-768x1024.webp\" class=\"attachment-large size-large wp-image-469\" alt=\"\" srcset=\"https:\/\/cms.spiritnext.com\/wp-content\/uploads\/2024\/09\/gepek_front-768x1024.webp 768w, https:\/\/cms.spiritnext.com\/wp-content\/uploads\/2024\/09\/gepek_front-525x700.webp 525w, https:\/\/cms.spiritnext.com\/wp-content\/uploads\/2024\/09\/gepek_front-1152x1536.webp 1152w, https:\/\/cms.spiritnext.com\/wp-content\/uploads\/2024\/09\/gepek_front-9x12.webp 9w, https:\/\/cms.spiritnext.com\/wp-content\/uploads\/2024\/09\/gepek_front.webp 1200w\" sizes=\"(max-width: 768px) 100vw, 768px\" \/>\t\t\t\t\t\t\t\t\t\t\t\t\t<\/div>\n\t\t\t\t<\/div>\n\t\t\t\t<div class=\"elementor-element elementor-element-c917df7 elementor-widget elementor-widget-heading\" data-id=\"c917df7\" data-element_type=\"widget\" data-widget_type=\"heading.default\">\n\t\t\t\t<div class=\"elementor-widget-container\">\n\t\t\t<h2 class=\"elementor-heading-title elementor-size-default\">Fekv\u0151 szol\u00e1riumok jellemz\u0151i<\/h2>\t\t<\/div>\n\t\t\t\t<\/div>\n\t\t\t\t<div class=\"elementor-element elementor-element-c0d0034 elementor-widget elementor-widget-text-editor\" data-id=\"c0d0034\" data-element_type=\"widget\" data-widget_type=\"text-editor.default\">\n\t\t\t\t<div class=\"elementor-widget-container\">\n\t\t\t\t\t\t\t<p>Az Ergoline luxus, pr\u00e9mium oszt\u00e1ly\u00e1b\u00f3l kiker\u00fcl\u0151 g\u00e9peink v\u00e1llbarn\u00edt\u00f3val \u00e9s nyakbarn\u00edt\u00f3val, k\u00e9nyelmes ergon\u00f3miai plexivel vannak ell\u00e1tva. A legmodernebb mikrokontrolleres vez\u00e9rl\u00e9si rendszer seg\u00edti napoz\u00e1s k\u00f6zben a felhaszn\u00e1l\u00f3 ig\u00e9nyeinek megfelel\u0151 be\u00e1ll\u00edt\u00e1sokat. Az ide\u00e1lis h\u0151m\u00e9rs\u00e9klet kialak\u00edt\u00e1s\u00e1r\u00f3l a Climatronic rendszer gondoskodik, a barn\u00edt\u00e1si \u00e9lm\u00e9nyt pedig a v\u00edzpermet \u00e9s az aromater\u00e1pia fokozza. Term\u00e9szetesen a Sound around hifi rendszer sem hi\u00e1nyozhat az Ergoline g\u00e9pekb\u0151l, a val\u00f3di kikapcsol\u00f3d\u00e1s \u00e9s \u00e9lm\u00e9ny r\u00e9szek\u00e9nt.<\/p>\t\t\t\t\t\t<\/div>\n\t\t\t\t<\/div>\n\t\t\t\t<div class=\"elementor-element elementor-element-aa6a72f elementor-widget elementor-widget-heading\" data-id=\"aa6a72f\" data-element_type=\"widget\" data-widget_type=\"heading.default\">\n\t\t\t\t<div class=\"elementor-widget-container\">\n\t\t\t<h2 class=\"elementor-heading-title elementor-size-default\">Fekv\u0151 szol\u00e1rium t\u00edpusok<\/h2>\t\t<\/div>\n\t\t\t\t<\/div>\n\t\t\t\t<div class=\"elementor-element elementor-element-2ab36d3 elementor-widget elementor-widget-text-editor\" data-id=\"2ab36d3\" data-element_type=\"widget\" data-widget_type=\"text-editor.default\">\n\t\t\t\t<div class=\"elementor-widget-container\">\n\t\t\t\t\t\t\t<ul><li>Vitality Fusion &#8211; Csak a SpiritSunban!<\/li><li>Ergoline Prestige 1100<\/li><li>Ergoline Prestige 990<\/li><li>Ergoline Excellence 900<\/li><li>Ergoline Excellence 880<\/li><li>Ergoline Excellence 800<\/li><li>Ergoline Affinity 880<\/li><li>Ergoline Affinity 660<\/li><\/ul>\t\t\t\t\t\t<\/div>\n\t\t\t\t<\/div>\n\t\t\t\t<\/div>\n\t\t<div class=\"elementor-element elementor-element-0ce6709 e-con-full e-flex e-con e-child\" data-id=\"0ce6709\" data-element_type=\"container\" data-settings=\"{&quot;background_background&quot;:&quot;classic&quot;}\">\n\t\t\t\t<div class=\"elementor-element elementor-element-cfbf010 elementor-widget elementor-widget-heading\" data-id=\"cfbf010\" data-element_type=\"widget\" data-widget_type=\"heading.default\">\n\t\t\t\t<div class=\"elementor-widget-container\">\n\t\t\t<h2 class=\"elementor-heading-title elementor-size-default\">\u00c1ll\u00f3 szol\u00e1riumok\n<\/h2>\t\t<\/div>\n\t\t\t\t<\/div>\n\t\t\t\t<div class=\"elementor-element elementor-element-46a1f39 elementor-widget elementor-widget-image\" data-id=\"46a1f39\" data-element_type=\"widget\" data-widget_type=\"image.default\">\n\t\t\t\t<div class=\"elementor-widget-container\">\n\t\t\t\t\t\t\t\t\t\t\t\t\t<img decoding=\"async\" width=\"768\" height=\"1024\" src=\"https:\/\/cms.spiritnext.com\/wp-content\/uploads\/2024\/09\/szolariumgep_allo-768x1024.webp\" class=\"attachment-large size-large wp-image-492\" alt=\"\u00c1ll\u00f3 Szol\u00e1rium\" srcset=\"https:\/\/cms.spiritnext.com\/wp-content\/uploads\/2024\/09\/szolariumgep_allo-768x1024.webp 768w, https:\/\/cms.spiritnext.com\/wp-content\/uploads\/2024\/09\/szolariumgep_allo-525x700.webp 525w, https:\/\/cms.spiritnext.com\/wp-content\/uploads\/2024\/09\/szolariumgep_allo-1152x1536.webp 1152w, https:\/\/cms.spiritnext.com\/wp-content\/uploads\/2024\/09\/szolariumgep_allo-9x12.webp 9w, https:\/\/cms.spiritnext.com\/wp-content\/uploads\/2024\/09\/szolariumgep_allo.webp 1512w\" sizes=\"(max-width: 768px) 100vw, 768px\" \/>\t\t\t\t\t\t\t\t\t\t\t\t\t<\/div>\n\t\t\t\t<\/div>\n\t\t\t\t<div class=\"elementor-element elementor-element-ff925f4 elementor-widget elementor-widget-heading\" data-id=\"ff925f4\" data-element_type=\"widget\" data-widget_type=\"heading.default\">\n\t\t\t\t<div class=\"elementor-widget-container\">\n\t\t\t<h2 class=\"elementor-heading-title elementor-size-default\">\u00c1ll\u00f3 szol\u00e1riumok jellemz\u0151i<\/h2>\t\t<\/div>\n\t\t\t\t<\/div>\n\t\t\t\t<div class=\"elementor-element elementor-element-fe00b0e elementor-widget elementor-widget-text-editor\" data-id=\"fe00b0e\" data-element_type=\"widget\" data-widget_type=\"text-editor.default\">\n\t\t\t\t<div class=\"elementor-widget-container\">\n\t\t\t\t\t\t\t<p>Rendelkeznek az Advanced Performance cs\u00facsmin\u0151s\u00e9g\u0171 l\u00e1mpa technol\u00f3gi\u00e1j\u00e1val, ami garant\u00e1lja az 1000 \u00f3r\u00e1n \u00e1t tart\u00f3 folyamatosan magas barn\u00edt\u00e1si teljes\u00edtm\u00e9nyt. Szabadalmaztatott Vibra Shape fitness funkci\u00f3val vannak ell\u00e1tva, a wellness \u00e9rz\u00e9sr\u0151l pedig az Aqua Fresh &amp; Aroma gondoskodik. A h\u0171t\u00e9s extr\u00e9m csendes m\u0171k\u00f6d\u00e9s\u0171 \u00e9s nagyon er\u0151teljes. A 3D-hangrendszer a legjobb zenei \u00e9lm\u00e9nyt ny\u00fajtja.<\/p>\t\t\t\t\t\t<\/div>\n\t\t\t\t<\/div>\n\t\t\t\t<div class=\"elementor-element elementor-element-896d8eb elementor-widget elementor-widget-heading\" data-id=\"896d8eb\" data-element_type=\"widget\" data-widget_type=\"heading.default\">\n\t\t\t\t<div class=\"elementor-widget-container\">\n\t\t\t<h2 class=\"elementor-heading-title elementor-size-default\">\u00c1ll\u00f3 szol\u00e1rium t\u00edpusok\n<\/h2>\t\t<\/div>\n\t\t\t\t<\/div>\n\t\t\t\t<div class=\"elementor-element elementor-element-b10722f elementor-widget elementor-widget-text-editor\" data-id=\"b10722f\" data-element_type=\"widget\" data-widget_type=\"text-editor.default\">\n\t\t\t\t<div class=\"elementor-widget-container\">\n\t\t\t\t\t\t\t<ul><li>Ergoline SunRise 488<\/li><li>Ergoline Essence 440<\/li><\/ul>\t\t\t\t\t\t<\/div>\n\t\t\t\t<\/div>\n\t\t\t\t<\/div>\n\t\t\t\t<\/div>\n\t\t\t\t\t<\/div>\n\t\t\t\t<\/div>\n\t\t<div class=\"elementor-element elementor-element-8307e48 e-flex e-con-boxed e-con e-parent\" data-id=\"8307e48\" data-element_type=\"container\">\n\t\t\t\t\t<div class=\"e-con-inner\">\n\t\t<div class=\"elementor-element elementor-element-250f960 e-con-full e-flex e-con e-child\" data-id=\"250f960\" data-element_type=\"container\">\n\t\t\t\t<div class=\"elementor-element elementor-element-50d291e elementor-widget elementor-widget-heading\" data-id=\"50d291e\" data-element_type=\"widget\" data-widget_type=\"heading.default\">\n\t\t\t\t<div class=\"elementor-widget-container\">\n\t\t\t<h2 class=\"elementor-heading-title elementor-size-default\">Szol\u00e1rium cs\u00f6veink\n<\/h2>\t\t<\/div>\n\t\t\t\t<\/div>\n\t\t\t\t<div class=\"elementor-element elementor-element-e3c4552 elementor-widget elementor-widget-text-editor\" data-id=\"e3c4552\" data-element_type=\"widget\" data-widget_type=\"text-editor.default\">\n\t\t\t\t<div class=\"elementor-widget-container\">\n\t\t\t\t\t\t\t<p>Kiz\u00e1r\u00f3lag pr\u00e9mium min\u0151s\u00e9g\u0171 cs\u00f6veket haszn\u00e1lunk, ez\u00e9rt g\u00e9peinkbe az Ergoline, Cosmedico, Coffee Love \u00e9s a saj\u00e1t gy\u00e1rt\u00e1s\u00fa SpiritSun cs\u00f6vek ker\u00fclnek. Ergoline csak a spirit sunnak fejleszt egyedi cs\u00f6vet.<\/p>\t\t\t\t\t\t<\/div>\n\t\t\t\t<\/div>\n\t\t<div class=\"elementor-element elementor-element-3656130 e-con-full e-flex e-con e-child\" data-id=\"3656130\" data-element_type=\"container\">\n\t\t<div class=\"elementor-element elementor-element-f3c7f04 e-con-full e-flex e-con e-child\" data-id=\"f3c7f04\" data-element_type=\"container\" data-settings=\"{&quot;background_background&quot;:&quot;classic&quot;}\">\n\t\t\t\t<div class=\"elementor-element elementor-element-dd1e053 elementor-widget elementor-widget-heading\" data-id=\"dd1e053\" data-element_type=\"widget\" data-widget_type=\"heading.default\">\n\t\t\t\t<div class=\"elementor-widget-container\">\n\t\t\t<h2 class=\"elementor-heading-title elementor-size-default\">M\u00e9lybarn\u00edt\u00f3 cs\u00f6vek<\/h2>\t\t<\/div>\n\t\t\t\t<\/div>\n\t\t\t\t<div class=\"elementor-element elementor-element-0daa5d6 elementor-widget elementor-widget-text-editor\" data-id=\"0daa5d6\" data-element_type=\"widget\" data-widget_type=\"text-editor.default\">\n\t\t\t\t<div class=\"elementor-widget-container\">\n\t\t\t\t\t\t\t<p>EU norm\u00e1s cs\u00f6vek, amik sokkal hosszabban tart\u00f3 barnas\u00e1got eredm\u00e9nyeznek. Haszn\u00e1latuk kellemes m\u00e9lybarna sz\u00ednt eredm\u00e9nyez, le\u00e9g\u00e9s n\u00e9lk\u00fcl. Az \u00e9rz\u00e9kenyebb b\u0151r\u0171ek is b\u00e1tran haszn\u00e1lhatj\u00e1k, nagyon k\u00edm\u00e9letes. Ezeknek a cs\u00f6veknek az a k\u00fcl\u00f6nlegess\u00e9ge, hogy a magasabb UV-A ar\u00e1ny\u00e1nak k\u00f6sz\u00f6nhet\u0151en a b\u0151r m\u00e9lyebb r\u00e9tegeiben fejtik ki barn\u00edt\u00f3 hat\u00e1sukat.<\/p>\t\t\t\t\t\t<\/div>\n\t\t\t\t<\/div>\n\t\t\t\t<\/div>\n\t\t<div class=\"elementor-element elementor-element-fe4adbe e-con-full e-flex e-con e-child\" data-id=\"fe4adbe\" data-element_type=\"container\" data-settings=\"{&quot;background_background&quot;:&quot;classic&quot;}\">\n\t\t\t\t<div class=\"elementor-element elementor-element-15ad4ac elementor-widget elementor-widget-heading\" data-id=\"15ad4ac\" data-element_type=\"widget\" data-widget_type=\"heading.default\">\n\t\t\t\t<div class=\"elementor-widget-container\">\n\t\t\t<h2 class=\"elementor-heading-title elementor-size-default\">Gyorsbarn\u00edt\u00f3 cs\u00f6vek<\/h2>\t\t<\/div>\n\t\t\t\t<\/div>\n\t\t\t\t<div class=\"elementor-element elementor-element-ad99488 elementor-widget elementor-widget-text-editor\" data-id=\"ad99488\" data-element_type=\"widget\" data-widget_type=\"text-editor.default\">\n\t\t\t\t<div class=\"elementor-widget-container\">\n\t\t\t\t\t\t\t<p>Er\u0151sebb, gyorsabb kateg\u00f3ri\u00e1t k\u00e9pviselnek. Nem minden b\u0151rt\u00edpusnak aj\u00e1nlott, csak a III-as, IV-es b\u0151rt\u00edpus\u00fa vend\u00e9geinknek aj\u00e1nlott, nekik is korl\u00e1tozott mennyis\u00e9gben, c\u00e9lszer\u0171 v\u00e1ltva haszn\u00e1lni m\u00e9lybarn\u00edt\u00f3 vagy kollag\u00e9n cs\u00f6ves g\u00e9peinket is a szol\u00e1riumoz\u00e1s alkalmaikor. T\u00e9ny, hogy gyorsan barn\u00edtanak, de a megszerzett barnas\u00e1g nem annyira tart\u00f3s, mert enn\u00e9l a cs\u0151t\u00edpusn\u00e1l kevesebb az aj\u00e1nlott percek sz\u00e1ma alkalmank\u00e9nt, hogy elker\u00fclj\u00fck a le\u00e9g\u00e9st.<\/p>\t\t\t\t\t\t<\/div>\n\t\t\t\t<\/div>\n\t\t\t\t<\/div>\n\t\t<div class=\"elementor-element elementor-element-23eb2a1 e-con-full e-flex e-con e-child\" data-id=\"23eb2a1\" data-element_type=\"container\" data-settings=\"{&quot;background_background&quot;:&quot;classic&quot;}\">\n\t\t\t\t<div class=\"elementor-element elementor-element-04b4014 elementor-widget elementor-widget-heading\" data-id=\"04b4014\" data-element_type=\"widget\" data-widget_type=\"heading.default\">\n\t\t\t\t<div class=\"elementor-widget-container\">\n\t\t\t<h2 class=\"elementor-heading-title elementor-size-default\">SpiritSun saj\u00e1t gy\u00e1rt\u00e1s\u00fa cs\u00f6vek<\/h2>\t\t<\/div>\n\t\t\t\t<\/div>\n\t\t\t\t<div class=\"elementor-element elementor-element-ba17893 elementor-widget elementor-widget-text-editor\" data-id=\"ba17893\" data-element_type=\"widget\" data-widget_type=\"text-editor.default\">\n\t\t\t\t<div class=\"elementor-widget-container\">\n\t\t\t\t\t\t\t<p>M\u00e9lybarn\u00edt\u00f3, de nagyon intenz\u00edv barnul\u00e1si hat\u00e1sfokkal rendelkezik. Hihetetlen\u00fcl tart\u00f3s az el\u00e9rt sz\u00edneredm\u00e9ny. K\u00fcl\u00f6nleges, naps\u00fct\u00f6tte hat\u00e1s\u00fa, aranybarna sz\u00edn\u00e1rnyalatot eredm\u00e9nyez. Nem v\u00e9letlen\u00fcl lett vend\u00e9geink egyik kedvence. Csak a SpiritSun szol\u00e1riumokban el\u00e9rhet\u0151!<\/p>\t\t\t\t\t\t<\/div>\n\t\t\t\t<\/div>\n\t\t\t\t<\/div>\n\t\t\t\t<\/div>\n\t\t<div class=\"elementor-element elementor-element-66bf9eb e-con-full e-flex e-con e-child\" data-id=\"66bf9eb\" data-element_type=\"container\" data-settings=\"{&quot;background_background&quot;:&quot;classic&quot;}\">\n\t\t\t\t<div class=\"elementor-element elementor-element-d324448 elementor-widget elementor-widget-heading\" data-id=\"d324448\" data-element_type=\"widget\" data-widget_type=\"heading.default\">\n\t\t\t\t<div class=\"elementor-widget-container\">\n\t\t\t<h2 class=\"elementor-heading-title elementor-size-default\">V\u00f6r\u00f6s f\u00e9nyes (kollag\u00e9n) cs\u00f6vek<\/h2>\t\t<\/div>\n\t\t\t\t<\/div>\n\t\t\t\t<div class=\"elementor-element elementor-element-f3de9a2 elementor-widget elementor-widget-text-editor\" data-id=\"f3de9a2\" data-element_type=\"widget\" data-widget_type=\"text-editor.default\">\n\t\t\t\t<div class=\"elementor-widget-container\">\n\t\t\t\t\t\t\t<p>Sokan kollag\u00e9nes cs\u00f6veknek is nevezik, kedvez\u0151 hat\u00e1sai miatt. Mi\u00e9rt? A v\u00f6r\u00f6s r\u00f3zsasz\u00ednes f\u00e9ny-spektrum \u00e1ll legk\u00f6zelebb a term\u00e9szetes napf\u00e9ny hat\u00e1s\u00e1hoz, de annak k\u00e1ros k\u00f6vetkezm\u00e9nyei n\u00e9lk\u00fcl. Serkenti a b\u0151r kollag\u00e9n termel\u00e9s\u00e9t \u00e9s jav\u00edtja v\u00edzmegtart\u00f3 k\u00e9pess\u00e9g\u00e9t, \u00edgy a b\u0151r hidrat\u00e1ltabb, rugalmasabb, feszesebb lehet. Haszn\u00e1lata mellett tapasztalhat\u00f3 a r\u00e1ncok kisimul\u00e1sa, a p\u00f3rusok \u00f6sszeh\u00faz\u00f3d\u00e1sa, a sejt regener\u00e1l\u00f3 hat\u00e1s\u00e1nak k\u00f6sz\u00f6nhet\u0151en pedig gyorsabban gy\u00f3gyulnak a sebek, hegek. Ennek a f\u00e9ny tartom\u00e1nynak m\u00e9regtelen\u00edt\u0151, salaktalan\u00edt\u00f3 hat\u00e1sa is van, \u00edgy hozz\u00e1j\u00e1rul a narancsb\u0151r cs\u00f6kkent\u00e9s\u00e9hez.<\/p>\t\t\t\t\t\t<\/div>\n\t\t\t\t<\/div>\n\t\t\t\t<div class=\"elementor-element elementor-element-8c0eb52 elementor-widget elementor-widget-text-editor\" data-id=\"8c0eb52\" data-element_type=\"widget\" data-widget_type=\"text-editor.default\">\n\t\t\t\t<div class=\"elementor-widget-container\">\n\t\t\t\t\t\t\t<p>El\u0151nyei:<\/p><ul><li>N\u00f6velhet\u0151 a b\u0151r rugalmass\u00e1ga<\/li><li>Cs\u00f6kkenthet\u0151 a r\u00e1ncok l\u00e1that\u00f3s\u00e1ga (f\u0151leg a szem \u00e9s az ajkak k\u00f6r\u00fcl)<\/li><li>\u00d6reged\u00e9s g\u00e1tl\u00f3 hat\u00e1s:<\/li><li>Fokoz\u00f3d\u00f3 kollag\u00e9n \u00e9s elasztin jelenl\u00e9t a b\u0151rben<\/li><li>Jav\u00edthatja az oxig\u00e9nfelv\u00e9telt &#8211; ezzel meger\u0151s\u00edtve az \u00e9rfalakat<\/li><li>Fokozhatja a b\u0151rsejtek regener\u00e1l\u00f3d\u00e1s\u00e1t<\/li><li>Salaktalan\u00edt\u00f3, m\u00e9regtelen\u00edt\u0151 hat\u00e1s<\/li><li>Megel\u0151zhet\u0151 a cellulitisz kialakul\u00e1sa<\/li><li>Feszesebb b\u0151r tapasztalhat\u00f3 haszn\u00e1lata mellett<\/li><li>N\u00f6velhet a b\u0151r nedvess\u00e9g megtart\u00f3 k\u00e9pess\u00e9g\u00e9n<\/li><li>Aktiv\u00e1lhatja a b\u0151r \u00e1sv\u00e1nyi anyag h\u00e1ztart\u00e1s\u00e1t<\/li><li>P\u00f3rus \u00f6sszeh\u00faz\u00f3 hat\u00e1s tapasztalhat\u00f3<\/li><li>Hozz\u00e1j\u00e1rulhat a szebb \u00e9s gyorsabb sebgy\u00f3gyul\u00e1shoz<\/li><\/ul>\t\t\t\t\t\t<\/div>\n\t\t\t\t<\/div>\n\t\t\t\t<\/div>\n\t\t\t\t<\/div>\n\t\t\t\t\t<\/div>\n\t\t\t\t<\/div>\n\t\t<div class=\"elementor-element elementor-element-88dd80e e-flex e-con-boxed e-con e-parent\" data-id=\"88dd80e\" data-element_type=\"container\">\n\t\t\t\t\t<div class=\"e-con-inner\">\n\t\t<div class=\"elementor-element elementor-element-b1cbeea e-con-full e-flex e-con e-child\" data-id=\"b1cbeea\" data-element_type=\"container\">\n\t\t\t\t<div class=\"elementor-element elementor-element-7030d09 elementor-widget elementor-widget-heading\" data-id=\"7030d09\" data-element_type=\"widget\" data-widget_type=\"heading.default\">\n\t\t\t\t<div class=\"elementor-widget-container\">\n\t\t\t<h2 class=\"elementor-heading-title elementor-size-default\">Vitality Fusion<\/h2>\t\t<\/div>\n\t\t\t\t<\/div>\n\t\t\t\t<div class=\"elementor-element elementor-element-4894479 elementor-widget elementor-widget-text-editor\" data-id=\"4894479\" data-element_type=\"widget\" data-widget_type=\"text-editor.default\">\n\t\t\t\t<div class=\"elementor-widget-container\">\n\t\t\t\t\t\t\t<p>Szol\u00e1riumoz\u00e1s\/Arcbarn\u00edt\u00e1s kollag\u00e9ntermel\u00e9ssel a legmodernebb LED technol\u00f3gi\u00e1val- CSAK A SPIRITSUN-ban!<\/p>\t\t\t\t\t\t<\/div>\n\t\t\t\t<\/div>\n\t\t<div class=\"elementor-element elementor-element-bacc40d e-con-full e-flex e-con e-child\" data-id=\"bacc40d\" data-element_type=\"container\">\n\t\t<div class=\"elementor-element elementor-element-269eeba e-con-full e-flex e-con e-child\" data-id=\"269eeba\" data-element_type=\"container\" data-settings=\"{&quot;background_background&quot;:&quot;classic&quot;}\">\n\t\t\t\t<div class=\"elementor-element elementor-element-d6a2984 elementor-widget elementor-widget-heading\" data-id=\"d6a2984\" data-element_type=\"widget\" data-widget_type=\"heading.default\">\n\t\t\t\t<div class=\"elementor-widget-container\">\n\t\t\t<h2 class=\"elementor-heading-title elementor-size-default\">K\u00e9k LED\n<\/h2>\t\t<\/div>\n\t\t\t\t<\/div>\n\t\t\t\t<div class=\"elementor-element elementor-element-aa86a15 elementor-widget elementor-widget-text-editor\" data-id=\"aa86a15\" data-element_type=\"widget\" data-widget_type=\"text-editor.default\">\n\t\t\t\t<div class=\"elementor-widget-container\">\n\t\t\t\t\t\t\t<ul><li>Felk\u00e9sz\u00edti a b\u0151rt a barnul\u00e1sra \u00e9s fokozza az eredm\u00e9nyt<\/li><li>Cs\u00f6kkentik a bakt\u00e9riumok sz\u00e1m\u00e1t \u00edgy tiszt\u00edtva a b\u0151rt, kezeli a pattan\u00e1sokat, mitesszereket<\/li><li>B\u0151rregener\u00e1l\u00f3<\/li><li>Stresszcs\u00f6kkent\u0151 hat\u00e1s\u00fa<\/li><\/ul>\t\t\t\t\t\t<\/div>\n\t\t\t\t<\/div>\n\t\t\t\t<\/div>\n\t\t<div class=\"elementor-element elementor-element-38b849f e-con-full e-flex e-con e-child\" data-id=\"38b849f\" data-element_type=\"container\" data-settings=\"{&quot;background_background&quot;:&quot;classic&quot;}\">\n\t\t\t\t<div class=\"elementor-element elementor-element-285a6a7 elementor-widget elementor-widget-heading\" data-id=\"285a6a7\" data-element_type=\"widget\" data-widget_type=\"heading.default\">\n\t\t\t\t<div class=\"elementor-widget-container\">\n\t\t\t<h2 class=\"elementor-heading-title elementor-size-default\">Piros LED\n<\/h2>\t\t<\/div>\n\t\t\t\t<\/div>\n\t\t\t\t<div class=\"elementor-element elementor-element-6bd512d elementor-widget elementor-widget-text-editor\" data-id=\"6bd512d\" data-element_type=\"widget\" data-widget_type=\"text-editor.default\">\n\t\t\t\t<div class=\"elementor-widget-container\">\n\t\t\t\t\t\t\t<ul><li>Serkenti a kollag\u00e9ntermel\u00e9st<\/li><li>Cs\u00f6kkenti a r\u00e1ncokat<\/li><li>Jav\u00edtja a b\u0151r text\u00far\u00e1j\u00e1t<\/li><li>Fokozza a barnul\u00e1st: serkentik a b\u0151r v\u00e9rell\u00e1t\u00e1s\u00e1t, amely jav\u00edtja a melanin termel\u00e9s\u00e9t.<\/li><\/ul>\t\t\t\t\t\t<\/div>\n\t\t\t\t<\/div>\n\t\t\t\t<\/div>\n\t\t\t\t<\/div>\n\t\t\t\t<\/div>\n\t\t\t\t\t<\/div>\n\t\t\t\t<\/div>\n\t\t\t\t<\/div>","protected":false},"excerpt":{"rendered":"<p>Szol\u00e1riumg\u00e9pek Szol\u00e1rium g\u00e9pparkunk kiz\u00e1r\u00f3lag cs\u00facskateg\u00f3ri\u00e1s Ergoline berendez\u00e9sekb\u0151l \u00e1ll, ami vil\u00e1gviszonylatban is a legkedveltebb \u00e9s legjobb szol\u00e1rium m\u00e1rk\u00e1nak sz\u00e1m\u00edt. Fekv\u0151 szol\u00e1riumok Fekv\u0151 szol\u00e1riumok jellemz\u0151i Az Ergoline luxus, pr\u00e9mium oszt\u00e1ly\u00e1b\u00f3l kiker\u00fcl\u0151 g\u00e9peink v\u00e1llbarn\u00edt\u00f3val \u00e9s nyakbarn\u00edt\u00f3val, k\u00e9nyelmes ergon\u00f3miai plexivel vannak ell\u00e1tva. A legmodernebb mikrokontrolleres vez\u00e9rl\u00e9si rendszer seg\u00edti napoz\u00e1s k\u00f6zben a felhaszn\u00e1l\u00f3 ig\u00e9nyeinek megfelel\u0151 be\u00e1ll\u00edt\u00e1sokat. Az ide\u00e1lis h\u0151m\u00e9rs\u00e9klet kialak\u00edt\u00e1s\u00e1r\u00f3l [&hellip;]<\/p>","protected":false},"author":3,"featured_media":0,"parent":0,"menu_order":0,"comment_status":"closed","ping_status":"closed","template":"","meta":{"footnotes":""},"class_list":["post-21","page","type-page","status-publish","hentry"],"_links":{"self":[{"href":"https:\/\/cms.spiritnext.com\/en\/wp-json\/wp\/v2\/pages\/21","targetHints":{"allow":["GET"]}}],"collection":[{"href":"https:\/\/cms.spiritnext.com\/en\/wp-json\/wp\/v2\/pages"}],"about":[{"href":"https:\/\/cms.spiritnext.com\/en\/wp-json\/wp\/v2\/types\/page"}],"author":[{"embeddable":true,"href":"https:\/\/cms.spiritnext.com\/en\/wp-json\/wp\/v2\/users\/3"}],"replies":[{"embeddable":true,"href":"https:\/\/cms.spiritnext.com\/en\/wp-json\/wp\/v2\/comments?post=21"}],"version-history":[{"count":43,"href":"https:\/\/cms.spiritnext.com\/en\/wp-json\/wp\/v2\/pages\/21\/revisions"}],"predecessor-version":[{"id":632,"href":"https:\/\/cms.spiritnext.com\/en\/wp-json\/wp\/v2\/pages\/21\/revisions\/632"}],"wp:attachment":[{"href":"https:\/\/cms.spiritnext.com\/en\/wp-json\/wp\/v2\/media?parent=21"}],"curies":[{"name":"wp","href":"https:\/\/api.w.org\/{rel}","templated":true}]}}